{"id":3054,"date":"2021-07-28T13:47:19","date_gmt":"2021-07-28T11:47:19","guid":{"rendered":"https:\/\/sangriamarysol.com\/?page_id=3054"},"modified":"2021-07-29T09:54:02","modified_gmt":"2021-07-29T07:54:02","slug":"contact","status":"publish","type":"page","link":"https:\/\/sangriamarysol.com\/en\/contact\/","title":{"rendered":"Contact"},"content":{"rendered":"\t\t<div data-elementor-type=\"wp-page\" data-elementor-id=\"3054\" class=\"elementor elementor-3054 elementor-16\" data-elementor-settings=\"[]\">\n\t\t\t\t\t\t\t<div class=\"elementor-section-wrap\">\n\t\t\t\t\t\t\t<section class=\"elementor-section elementor-top-section elementor-element elementor-element-59bdd48 elementor-section-full_width elementor-section-height-default elementor-section-height-default\" data-id=\"59bdd48\" data-element_type=\"section\">\n\t\t\t\t\t\t<div class=\"elementor-container elementor-column-gap-default\">\n\t\t\t\t\t<div class=\"elementor-column elementor-col-100 elementor-top-column elementor-element elementor-element-b9471bc\" data-id=\"b9471bc\" data-element_type=\"column\">\n\t\t\t<div class=\"elementor-widget-wrap\">\n\t\t\t\t\t\t\t\t\t<\/div>\n\t\t<\/div>\n\t\t\t\t\t\t\t<\/div>\n\t\t<\/section>\n\t\t\t\t<section class=\"elementor-section elementor-top-section elementor-element elementor-element-e44addf elementor-section-boxed elementor-section-height-default elementor-section-height-default\" data-id=\"e44addf\" data-element_type=\"section\">\n\t\t\t\t\t\t<div class=\"elementor-container elementor-column-gap-default\">\n\t\t\t\t\t<div class=\"elementor-column elementor-col-50 elementor-top-column elementor-element elementor-element-6043491\" data-id=\"6043491\" data-element_type=\"column\">\n\t\t\t<div class=\"elementor-widget-wrap\">\n\t\t\t\t\t\t\t\t\t<\/div>\n\t\t<\/div>\n\t\t\t\t<div class=\"elementor-column elementor-col-50 elementor-top-column elementor-element elementor-element-9bebee3\" data-id=\"9bebee3\" data-element_type=\"column\">\n\t\t\t<div class=\"elementor-widget-wrap\">\n\t\t\t\t\t\t\t\t\t<\/div>\n\t\t<\/div>\n\t\t\t\t\t\t\t<\/div>\n\t\t<\/section>\n\t\t\t\t<section class=\"elementor-section elementor-top-section elementor-element elementor-element-152d466 elementor-section-full_width elementor-section-height-min-height elementor-hidden-tablet elementor-hidden-phone elementor-section-height-default elementor-section-items-middle\" data-id=\"152d466\" data-element_type=\"section\">\n\t\t\t\t\t\t<div class=\"elementor-container elementor-column-gap-no\">\n\t\t\t\t\t<div class=\"elementor-column elementor-col-100 elementor-top-column elementor-element elementor-element-04767aa\" data-id=\"04767aa\" data-element_type=\"column\">\n\t\t\t<div class=\"elementor-widget-wrap elementor-element-populated\">\n\t\t\t\t\t\t\t\t<div class=\"elementor-element elementor-element-1bf9c41 elementor--h-position-right elementor--v-position-middle elementor-arrows-position-inside elementor-widget elementor-widget-slides\" data-id=\"1bf9c41\" data-element_type=\"widget\" data-settings=\"{&quot;navigation&quot;:&quot;arrows&quot;,&quot;autoplay&quot;:&quot;yes&quot;,&quot;pause_on_hover&quot;:&quot;yes&quot;,&quot;pause_on_interaction&quot;:&quot;yes&quot;,&quot;autoplay_speed&quot;:5000,&quot;infinite&quot;:&quot;yes&quot;,&quot;transition&quot;:&quot;slide&quot;,&quot;transition_speed&quot;:500}\" data-widget_type=\"slides.default\">\n\t\t\t\t<div class=\"elementor-widget-container\">\n\t\t\t\t\t<div class=\"elementor-swiper\">\n\t\t\t<div class=\"elementor-slides-wrapper elementor-main-swiper swiper-container\" dir=\"ltr\" data-animation=\"fadeInUp\">\n\t\t\t\t<div class=\"swiper-wrapper elementor-slides\">\n\t\t\t\t\t<div class=\"elementor-repeater-item-ef55ff4 swiper-slide\"><div class=\"swiper-slide-bg\"><\/div><div class=\"swiper-slide-inner\" ><div class=\"swiper-slide-contents\"><div class=\"elementor-slide-heading\">Contact<\/div><\/div><\/div><\/div>\t\t\t\t<\/div>\n\t\t\t\t\t\t\t<\/div>\n\t\t<\/div>\n\t\t\t\t<\/div>\n\t\t\t\t<\/div>\n\t\t\t\t\t<\/div>\n\t\t<\/div>\n\t\t\t\t\t\t\t<\/div>\n\t\t<\/section>\n\t\t\t\t<section class=\"elementor-section elementor-top-section elementor-element elementor-element-091be28 elementor-section-full_width elementor-section-height-min-height elementor-hidden-desktop elementor-section-height-default elementor-section-items-middle\" data-id=\"091be28\" data-element_type=\"section\">\n\t\t\t\t\t\t<div class=\"elementor-container elementor-column-gap-no\">\n\t\t\t\t\t<div class=\"elementor-column elementor-col-100 elementor-top-column elementor-element elementor-element-e1533f3\" data-id=\"e1533f3\" data-element_type=\"column\">\n\t\t\t<div class=\"elementor-widget-wrap elementor-element-populated\">\n\t\t\t\t\t\t\t\t<div class=\"elementor-element elementor-element-dbbea86 elementor--h-position-right elementor--v-position-middle elementor-arrows-position-inside elementor-widget elementor-widget-slides\" data-id=\"dbbea86\" data-element_type=\"widget\" data-settings=\"{&quot;navigation&quot;:&quot;arrows&quot;,&quot;autoplay&quot;:&quot;yes&quot;,&quot;pause_on_hover&quot;:&quot;yes&quot;,&quot;pause_on_interaction&quot;:&quot;yes&quot;,&quot;autoplay_speed&quot;:5000,&quot;infinite&quot;:&quot;yes&quot;,&quot;transition&quot;:&quot;slide&quot;,&quot;transition_speed&quot;:500}\" data-widget_type=\"slides.default\">\n\t\t\t\t<div class=\"elementor-widget-container\">\n\t\t\t\t\t<div class=\"elementor-swiper\">\n\t\t\t<div class=\"elementor-slides-wrapper elementor-main-swiper swiper-container\" dir=\"ltr\" data-animation=\"fadeInUp\">\n\t\t\t\t<div class=\"swiper-wrapper elementor-slides\">\n\t\t\t\t\t<div class=\"elementor-repeater-item-ef55ff4 swiper-slide\"><div class=\"swiper-slide-bg\"><\/div><div class=\"swiper-slide-inner\" ><div class=\"swiper-slide-contents\"><div class=\"elementor-slide-heading\">Contact<\/div><\/div><\/div><\/div>\t\t\t\t<\/div>\n\t\t\t\t\t\t\t<\/div>\n\t\t<\/div>\n\t\t\t\t<\/div>\n\t\t\t\t<\/div>\n\t\t\t\t\t<\/div>\n\t\t<\/div>\n\t\t\t\t\t\t\t<\/div>\n\t\t<\/section>\n\t\t\t\t<section class=\"elementor-section elementor-top-section elementor-element elementor-element-2efe32a elementor-section-full_width elementor-section-height-default elementor-section-height-default\" data-id=\"2efe32a\" data-element_type=\"section\">\n\t\t\t\t\t\t<div class=\"elementor-container elementor-column-gap-wider\">\n\t\t\t\t\t<div class=\"elementor-column elementor-col-50 elementor-top-column elementor-element elementor-element-c52728b\" data-id=\"c52728b\" data-element_type=\"column\">\n\t\t\t<div class=\"elementor-widget-wrap elementor-element-populated\">\n\t\t\t\t\t\t\t\t<div class=\"elementor-element elementor-element-008661d elementor-widget elementor-widget-heading\" data-id=\"008661d\" data-element_type=\"widget\" data-widget_type=\"heading.default\">\n\t\t\t\t<div class=\"elementor-widget-container\">\n\t\t\t<h2 class=\"elementor-heading-title elementor-size-default\">Send us your message<\/h2>\t\t<\/div>\n\t\t\t\t<\/div>\n\t\t\t\t<div class=\"elementor-element elementor-element-4d1a391 elementor-button-align-start elementor-widget elementor-widget-form\" data-id=\"4d1a391\" data-element_type=\"widget\" data-settings=\"{&quot;step_next_label&quot;:&quot;Next&quot;,&quot;step_previous_label&quot;:&quot;Previous&quot;,&quot;button_width&quot;:&quot;100&quot;,&quot;step_type&quot;:&quot;number_text&quot;,&quot;step_icon_shape&quot;:&quot;circle&quot;}\" data-widget_type=\"form.default\">\n\t\t\t\t<div class=\"elementor-widget-container\">\n\t\t\t\t\t<form class=\"elementor-form\" method=\"post\" name=\"New Form\">\n\t\t\t<input type=\"hidden\" name=\"post_id\" value=\"3054\"\/>\n\t\t\t<input type=\"hidden\" name=\"form_id\" value=\"4d1a391\"\/>\n\t\t\t<input type=\"hidden\" name=\"referer_title\" value=\"Sangr\u00eda Marysol | The finest sangr\u00eda | Sangr\u00eda Mar &amp; Sol\" \/>\n\n\t\t\t\n\t\t\t<div class=\"elementor-form-fields-wrapper elementor-labels-\">\n\t\t\t\t\t\t\t\t<div class=\"elementor-field-type-text elementor-field-group elementor-column elementor-field-group-name elementor-col-100\">\n\t\t\t\t\t<label for=\"form-field-name\" class=\"elementor-field-label elementor-screen-only\">Name<\/label><input size=\"1\" type=\"text\" name=\"form_fields[name]\" id=\"form-field-name\" class=\"elementor-field elementor-size-sm  elementor-field-textual\" placeholder=\"Name\">\t\t\t\t<\/div>\n\t\t\t\t\t\t\t\t<div class=\"elementor-field-type-email elementor-field-group elementor-column elementor-field-group-email elementor-col-100 elementor-field-required\">\n\t\t\t\t\t<label for=\"form-field-email\" class=\"elementor-field-label elementor-screen-only\">Email<\/label><input size=\"1\" type=\"email\" name=\"form_fields[email]\" id=\"form-field-email\" class=\"elementor-field elementor-size-sm  elementor-field-textual\" placeholder=\"Email\" required=\"required\" aria-required=\"true\">\t\t\t\t<\/div>\n\t\t\t\t\t\t\t\t<div class=\"elementor-field-type-textarea elementor-field-group elementor-column elementor-field-group-message elementor-col-100\">\n\t\t\t\t\t<label for=\"form-field-message\" class=\"elementor-field-label elementor-screen-only\">Message<\/label><textarea class=\"elementor-field-textual elementor-field  elementor-size-sm\" name=\"form_fields[message]\" id=\"form-field-message\" rows=\"4\" placeholder=\"Message\"><\/textarea>\t\t\t\t<\/div>\n\t\t\t\t\t\t\t\t<div class=\"elementor-field-type-acceptance elementor-field-group elementor-column elementor-field-group-field_33f9eb6 elementor-col-100 elementor-field-required\">\n\t\t\t\t\t<div class=\"elementor-field-subgroup\"><span class=\"elementor-field-option\"><input type=\"checkbox\" name=\"form_fields[field_33f9eb6]\" id=\"form-field-field_33f9eb6\" class=\"elementor-field elementor-size-sm  elementor-acceptance-field\" required=\"required\" aria-required=\"true\"> <label for=\"form-field-field_33f9eb6\">I accept the <a href=\"https:\/\/sangriamarysol.com\/legal-notice-and-privacy-policy\/?lang=en\"><b>Privacy Policy<\/b><\/a><\/label><\/span><\/div>\t\t\t\t<\/div>\n\t\t\t\t\t\t\t\t<div class=\"elementor-field-group elementor-column elementor-field-type-submit elementor-col-100 e-form__buttons\">\n\t\t\t\t\t<button type=\"submit\" class=\"elementor-button elementor-size-sm\">\n\t\t\t\t\t\t<span >\n\t\t\t\t\t\t\t\t\t\t\t\t\t\t\t<span class=\" elementor-button-icon\">\n\t\t\t\t\t\t\t\t\t\t\t\t\t\t\t\t\t\t\t\t\t\t\t\t\t\t<\/span>\n\t\t\t\t\t\t\t\t\t\t\t\t\t\t\t\t\t\t\t\t\t\t<span class=\"elementor-button-text\">TO SEND<\/span>\n\t\t\t\t\t\t\t\t\t\t\t\t\t<\/span>\n\t\t\t\t\t<\/button>\n\t\t\t\t<\/div>\n\t\t\t<\/div>\n\t\t<\/form>\n\t\t\t\t<\/div>\n\t\t\t\t<\/div>\n\t\t\t\t\t<\/div>\n\t\t<\/div>\n\t\t\t\t<div class=\"elementor-column elementor-col-50 elementor-top-column elementor-element elementor-element-df3f632\" data-id=\"df3f632\" data-element_type=\"column\" data-settings=\"{&quot;background_background&quot;:&quot;classic&quot;}\">\n\t\t\t<div class=\"elementor-widget-wrap elementor-element-populated\">\n\t\t\t\t\t\t\t\t<div class=\"elementor-element elementor-element-c88974b elementor-widget elementor-widget-heading\" data-id=\"c88974b\" data-element_type=\"widget\" data-widget_type=\"heading.default\">\n\t\t\t\t<div class=\"elementor-widget-container\">\n\t\t\t<h2 class=\"elementor-heading-title elementor-size-default\">Bodegas Yzaguirre S. L.<\/h2>\t\t<\/div>\n\t\t\t\t<\/div>\n\t\t\t\t<div class=\"elementor-element elementor-element-0bc4d63 elementor-widget elementor-widget-text-editor\" data-id=\"0bc4d63\" data-element_type=\"widget\" data-widget_type=\"text-editor.default\">\n\t\t\t\t<div class=\"elementor-widget-container\">\n\t\t\t\t\t\t\tCtra. de Reus km 7,8<br>\n43760 El Morell<br>\nTarragona (Spain)<br>\n+34 977 840 655<br>\nvermut@vermutyzaguirre.com\t\t\t\t\t\t<\/div>\n\t\t\t\t<\/div>\n\t\t\t\t\t<\/div>\n\t\t<\/div>\n\t\t\t\t\t\t\t<\/div>\n\t\t<\/section>\n\t\t\t\t<section class=\"elementor-section elementor-top-section elementor-element elementor-element-952bfae elementor-section-full_width elementor-section-height-min-height elementor-section-height-default elementor-section-items-middle\" data-id=\"952bfae\" data-element_type=\"section\">\n\t\t\t\t\t\t<div class=\"elementor-container elementor-column-gap-no\">\n\t\t\t\t\t<div class=\"elementor-column elementor-col-100 elementor-top-column elementor-element elementor-element-03eb13d\" data-id=\"03eb13d\" data-element_type=\"column\">\n\t\t\t<div class=\"elementor-widget-wrap elementor-element-populated\">\n\t\t\t\t\t\t\t\t<div class=\"elementor-element elementor-element-f7b072c elementor-widget elementor-widget-google_maps\" data-id=\"f7b072c\" data-element_type=\"widget\" data-widget_type=\"google_maps.default\">\n\t\t\t\t<div class=\"elementor-widget-container\">\n\t\t\t\t\t<div class=\"elementor-custom-embed\">\n\t\t\t<iframe frameborder=\"0\" scrolling=\"no\" marginheight=\"0\" marginwidth=\"0\"\n\t\t\t\t\tsrc=\"https:\/\/maps.google.com\/maps?q=Bodegas%20Yzaguirre%20S.%20L.%20Ctra.%20de%20Reus%20km%207%2C8%2043760%20El%20Morell%20Tarragona%20%28Spain%29&#038;t=m&#038;z=10&#038;output=embed&#038;iwloc=near\"\n\t\t\t\t\ttitle=\"Bodegas Yzaguirre S. L. Ctra. de Reus km 7,8 43760 El Morell Tarragona (Spain)\"\n\t\t\t\t\taria-label=\"Bodegas Yzaguirre S. L. Ctra. de Reus km 7,8 43760 El Morell Tarragona (Spain)\"\n\t\t\t><\/iframe>\n\t\t<\/div>\n\t\t\t\t<\/div>\n\t\t\t\t<\/div>\n\t\t\t\t\t<\/div>\n\t\t<\/div>\n\t\t\t\t\t\t\t<\/div>\n\t\t<\/section>\n\t\t\t\t\t\t<\/div>\n\t\t\t\t\t<\/div>\n\t\t","protected":false},"excerpt":{"rendered":"<p>Contact Contact Send us your message Bodegas Yzaguirre S. L. Ctra. de Reus km 7,8 43760 El Morell Tarragona (Spain) +34 977 840 655 vermut@vermutyzaguirre.com<\/p>\n","protected":false},"author":1,"featured_media":0,"parent":0,"menu_order":0,"comment_status":"closed","ping_status":"closed","template":"elementor_header_footer","meta":[],"yoast_head":"<!-- This site is optimized with the Yoast SEO plugin v17.2 - https:\/\/yoast.com\/wordpress\/plugins\/seo\/ -->\n<title>Contact - Sangr\u00eda Marysol | The finest sangr\u00eda | Sangr\u00eda Mar &amp; Sol<\/title>\n<meta name=\"description\" content=\"Sangr\u00eda Marysol es una sangr\u00eda para disfrutar acompa\u00f1ada de tus amigos. T\u00f3mala bien fresquita... \u00a1y disfruta de la vida! Bodegas Yzaguirre.\" \/>\n<meta name=\"robots\" content=\"index, follow, max-snippet:-1, max-image-preview:large, max-video-preview:-1\" \/>\n<link rel=\"canonical\" href=\"https:\/\/sangriamarysol.com\/en\/contact\/\" \/>\n<meta property=\"og:locale\" content=\"en_US\" \/>\n<meta property=\"og:type\" content=\"article\" \/>\n<meta property=\"og:title\" content=\"Contact - Sangr\u00eda Marysol | The finest sangr\u00eda | Sangr\u00eda Mar &amp; Sol\" \/>\n<meta property=\"og:description\" content=\"Sangr\u00eda Marysol es una sangr\u00eda para disfrutar acompa\u00f1ada de tus amigos. T\u00f3mala bien fresquita... \u00a1y disfruta de la vida! Bodegas Yzaguirre.\" \/>\n<meta property=\"og:url\" content=\"https:\/\/sangriamarysol.com\/en\/contact\/\" \/>\n<meta property=\"og:site_name\" content=\"Sangr\u00eda Marysol | The finest sangr\u00eda | Sangr\u00eda Mar &amp; Sol\" \/>\n<meta property=\"article:modified_time\" content=\"2021-07-29T07:54:02+00:00\" \/>\n<meta name=\"twitter:card\" content=\"summary_large_image\" \/>\n<script type=\"application\/ld+json\" class=\"yoast-schema-graph\">{\"@context\":\"https:\/\/schema.org\",\"@graph\":[{\"@type\":\"WebSite\",\"@id\":\"https:\/\/sangriamarysol.com\/#website\",\"url\":\"https:\/\/sangriamarysol.com\/\",\"name\":\"Sangr\\u00eda Marysol | The finest sangr\\u00eda | Sangr\\u00eda Mar &amp; Sol\",\"description\":\"Sangr\\u00eda Marysol es una sangr\\u00eda para disfrutar acompa\\u00f1ada de tus amigos. T\\u00f3mala bien fresquita... \\u00a1y disfruta de la vida! Bodegas Yzaguirre.\",\"potentialAction\":[{\"@type\":\"SearchAction\",\"target\":{\"@type\":\"EntryPoint\",\"urlTemplate\":\"https:\/\/sangriamarysol.com\/?s={search_term_string}\"},\"query-input\":\"required name=search_term_string\"}],\"inLanguage\":\"en-US\"},{\"@type\":\"WebPage\",\"@id\":\"https:\/\/sangriamarysol.com\/en\/contact\/#webpage\",\"url\":\"https:\/\/sangriamarysol.com\/en\/contact\/\",\"name\":\"Contact - Sangr\\u00eda Marysol | The finest sangr\\u00eda | Sangr\\u00eda Mar &amp; Sol\",\"isPartOf\":{\"@id\":\"https:\/\/sangriamarysol.com\/#website\"},\"datePublished\":\"2021-07-28T11:47:19+00:00\",\"dateModified\":\"2021-07-29T07:54:02+00:00\",\"description\":\"Sangr\\u00eda Marysol es una sangr\\u00eda para disfrutar acompa\\u00f1ada de tus amigos. T\\u00f3mala bien fresquita... \\u00a1y disfruta de la vida! Bodegas Yzaguirre.\",\"breadcrumb\":{\"@id\":\"https:\/\/sangriamarysol.com\/en\/contact\/#breadcrumb\"},\"inLanguage\":\"en-US\",\"potentialAction\":[{\"@type\":\"ReadAction\",\"target\":[\"https:\/\/sangriamarysol.com\/en\/contact\/\"]}]},{\"@type\":\"BreadcrumbList\",\"@id\":\"https:\/\/sangriamarysol.com\/en\/contact\/#breadcrumb\",\"itemListElement\":[{\"@type\":\"ListItem\",\"position\":1,\"name\":\"Portada\",\"item\":\"https:\/\/sangriamarysol.com\/en\/\"},{\"@type\":\"ListItem\",\"position\":2,\"name\":\"Contact\"}]}]}<\/script>\n<!-- \/ Yoast SEO plugin. -->","yoast_head_json":{"title":"Contact - Sangr\u00eda Marysol | The finest sangr\u00eda | Sangr\u00eda Mar &amp; Sol","description":"Sangr\u00eda Marysol es una sangr\u00eda para disfrutar acompa\u00f1ada de tus amigos. T\u00f3mala bien fresquita... \u00a1y disfruta de la vida! Bodegas Yzaguirre.","robots":{"index":"index","follow":"follow","max-snippet":"max-snippet:-1","max-image-preview":"max-image-preview:large","max-video-preview":"max-video-preview:-1"},"canonical":"https:\/\/sangriamarysol.com\/en\/contact\/","og_locale":"en_US","og_type":"article","og_title":"Contact - Sangr\u00eda Marysol | The finest sangr\u00eda | Sangr\u00eda Mar &amp; Sol","og_description":"Sangr\u00eda Marysol es una sangr\u00eda para disfrutar acompa\u00f1ada de tus amigos. T\u00f3mala bien fresquita... \u00a1y disfruta de la vida! Bodegas Yzaguirre.","og_url":"https:\/\/sangriamarysol.com\/en\/contact\/","og_site_name":"Sangr\u00eda Marysol | The finest sangr\u00eda | Sangr\u00eda Mar &amp; Sol","article_modified_time":"2021-07-29T07:54:02+00:00","twitter_card":"summary_large_image","schema":{"@context":"https:\/\/schema.org","@graph":[{"@type":"WebSite","@id":"https:\/\/sangriamarysol.com\/#website","url":"https:\/\/sangriamarysol.com\/","name":"Sangr\u00eda Marysol | The finest sangr\u00eda | Sangr\u00eda Mar &amp; Sol","description":"Sangr\u00eda Marysol es una sangr\u00eda para disfrutar acompa\u00f1ada de tus amigos. T\u00f3mala bien fresquita... \u00a1y disfruta de la vida! Bodegas Yzaguirre.","potentialAction":[{"@type":"SearchAction","target":{"@type":"EntryPoint","urlTemplate":"https:\/\/sangriamarysol.com\/?s={search_term_string}"},"query-input":"required name=search_term_string"}],"inLanguage":"en-US"},{"@type":"WebPage","@id":"https:\/\/sangriamarysol.com\/en\/contact\/#webpage","url":"https:\/\/sangriamarysol.com\/en\/contact\/","name":"Contact - Sangr\u00eda Marysol | The finest sangr\u00eda | Sangr\u00eda Mar &amp; Sol","isPartOf":{"@id":"https:\/\/sangriamarysol.com\/#website"},"datePublished":"2021-07-28T11:47:19+00:00","dateModified":"2021-07-29T07:54:02+00:00","description":"Sangr\u00eda Marysol es una sangr\u00eda para disfrutar acompa\u00f1ada de tus amigos. T\u00f3mala bien fresquita... \u00a1y disfruta de la vida! Bodegas Yzaguirre.","breadcrumb":{"@id":"https:\/\/sangriamarysol.com\/en\/contact\/#breadcrumb"},"inLanguage":"en-US","potentialAction":[{"@type":"ReadAction","target":["https:\/\/sangriamarysol.com\/en\/contact\/"]}]},{"@type":"BreadcrumbList","@id":"https:\/\/sangriamarysol.com\/en\/contact\/#breadcrumb","itemListElement":[{"@type":"ListItem","position":1,"name":"Portada","item":"https:\/\/sangriamarysol.com\/en\/"},{"@type":"ListItem","position":2,"name":"Contact"}]}]}},"_links":{"self":[{"href":"https:\/\/sangriamarysol.com\/en\/wp-json\/wp\/v2\/pages\/3054"}],"collection":[{"href":"https:\/\/sangriamarysol.com\/en\/wp-json\/wp\/v2\/pages"}],"about":[{"href":"https:\/\/sangriamarysol.com\/en\/wp-json\/wp\/v2\/types\/page"}],"author":[{"embeddable":true,"href":"https:\/\/sangriamarysol.com\/en\/wp-json\/wp\/v2\/users\/1"}],"replies":[{"embeddable":true,"href":"https:\/\/sangriamarysol.com\/en\/wp-json\/wp\/v2\/comments?post=3054"}],"version-history":[{"count":7,"href":"https:\/\/sangriamarysol.com\/en\/wp-json\/wp\/v2\/pages\/3054\/revisions"}],"predecessor-version":[{"id":3169,"href":"https:\/\/sangriamarysol.com\/en\/wp-json\/wp\/v2\/pages\/3054\/revisions\/3169"}],"wp:attachment":[{"href":"https:\/\/sangriamarysol.com\/en\/wp-json\/wp\/v2\/media?parent=3054"}],"curies":[{"name":"wp","href":"https:\/\/api.w.org\/{rel}","templated":true}]}}