{"id":3130,"date":"2021-07-29T09:16:30","date_gmt":"2021-07-29T07:16:30","guid":{"rendered":"https:\/\/sangriamarysol.com\/?page_id=3130"},"modified":"2023-02-20T17:26:08","modified_gmt":"2023-02-20T16:26:08","slug":"cookies-policy","status":"publish","type":"page","link":"https:\/\/sangriamarysol.com\/en\/cookies-policy\/","title":{"rendered":"COOKIES POLICY"},"content":{"rendered":"\t\t<div data-elementor-type=\"wp-page\" data-elementor-id=\"3130\" class=\"elementor elementor-3130 elementor-2706\" data-elementor-settings=\"[]\">\n\t\t\t\t\t\t\t<div class=\"elementor-section-wrap\">\n\t\t\t\t\t\t\t<section class=\"elementor-section elementor-top-section elementor-element elementor-element-774d6ff elementor-section-boxed elementor-section-height-default elementor-section-height-default\" data-id=\"774d6ff\" data-element_type=\"section\">\n\t\t\t\t\t\t<div class=\"elementor-container elementor-column-gap-default\">\n\t\t\t\t\t<div class=\"elementor-column elementor-col-100 elementor-top-column elementor-element elementor-element-a37eaf8\" data-id=\"a37eaf8\" data-element_type=\"column\">\n\t\t\t<div class=\"elementor-widget-wrap elementor-element-populated\">\n\t\t\t\t\t\t\t\t<div class=\"elementor-element elementor-element-10f6e38 elementor-widget elementor-widget-heading\" data-id=\"10f6e38\" data-element_type=\"widget\" data-widget_type=\"heading.default\">\n\t\t\t\t<div class=\"elementor-widget-container\">\n\t\t\t<h1 class=\"elementor-heading-title elementor-size-default\">Cookies Policy<\/h1>\t\t<\/div>\n\t\t\t\t<\/div>\n\t\t\t\t<div class=\"elementor-element elementor-element-a76efe5 elementor-widget elementor-widget-text-editor\" data-id=\"a76efe5\" data-element_type=\"widget\" data-widget_type=\"text-editor.default\">\n\t\t\t\t<div class=\"elementor-widget-container\">\n\t\t\t\t\t\t\t<p>We make this Cookies Policy available to users to provide detailed information about the use of cookies on our website. We advise users to check our Cookie Policy regularly as we may amend it at any time.<\/p>\t\t\t\t\t\t<\/div>\n\t\t\t\t<\/div>\n\t\t\t\t<div class=\"elementor-element elementor-element-9b1ba6d elementor-widget elementor-widget-text-editor\" data-id=\"9b1ba6d\" data-element_type=\"widget\" data-widget_type=\"text-editor.default\">\n\t\t\t\t<div class=\"elementor-widget-container\">\n\t\t\t\t\t\t\t<table width=\"558\"><tbody><tr><td width=\"110\"><p>WHO?<\/p><\/td><td width=\"448\"><p>BODEGAS YZAGUIRRE, S.L., with Tax Identification No. B-43050970, and registered office at Carretera Reus \u2013 El Morell Km. 7,8, 43760, El Morell, Tarragona (SPAIN).<\/p><\/td><\/tr><tr><td width=\"110\"><p>WHAT?<\/p><\/td><td width=\"448\"><p>Cookies are small files that are stored on the user\u2019s device when they visit a website.<\/p><\/td><\/tr><tr><td width=\"110\"><p>WHICH?<\/p><\/td><td width=\"448\"><p>We use the following types of cookies on this website:\u00a0<a href=\"https:\/\/sangriamarysol.com\/en\/cookies-policy\/#cookies_tipos\">see here\u00a0<\/a><\/p><\/td><\/tr><tr><td width=\"110\"><p>WHY?<\/p><\/td><td width=\"448\"><p>Cookies are used for the following purposes:\u00a0<a href=\"https:\/\/sangriamarysol.com\/en\/cookies-policy\/#cookies_cuales\">see here<\/a><\/p><\/td><\/tr><tr><td width=\"110\"><p>WHEN?<\/p><\/td><td width=\"448\"><p>Your personal data will be stored for the time needed to fulfil the purpose for which they were collected. For cookies that require your prior consent, your personal data will be stored until you withdraw your consent.<\/p><\/td><\/tr><tr><td width=\"110\"><p>WHERE?<\/p><\/td><td width=\"448\"><p>The data controller may need to transfer your data to third parties, when third-party cookies are used, to fulfil the purposes indicated. If for any reason data is transferred to countries outside the European Union, you will be informed in advance and your consent obtained.\u00a0<\/p><\/td><\/tr><tr><td width=\"110\"><p>HOW?<\/p><\/td><td width=\"448\"><p>You can configure your browser settings to enable or block cookies and to delete your browsing history. Consult your browser\u2019s options and instructions to find out how to do this. Bear in mind that if you accept third-party cookies, you must delete them in the browser settings.<\/p><\/td><\/tr><\/tbody><\/table>\t\t\t\t\t\t<\/div>\n\t\t\t\t<\/div>\n\t\t\t\t<div class=\"elementor-element elementor-element-1fa09af elementor-widget elementor-widget-text-editor\" data-id=\"1fa09af\" data-element_type=\"widget\" data-widget_type=\"text-editor.default\">\n\t\t\t\t<div class=\"elementor-widget-container\">\n\t\t\t\t\t\t\t<p><strong>Who is the Data Controller?<\/strong><\/p><p>Users\u2019 personal data may be collected by cookies. The company that collects and processes this data is BODEGAS YZAGUIRRE, S.L., with Tax Identification No. B-43050970, and registered office at Carretera Reus \u2013 El Morell Km. 7,8, 43760, El Morell, Tarragona (SPAIN).<\/p><p><strong>What are cookies?<\/strong><\/p><p>Cookies are small files that are stored on the user\u2019s device when they visit a website. Among other things, cookies enable a website to store and retrieve information about the browsing habits of a user and their device and, depending on the information they collect and store, the way the device is used and the type of cookie, they can be used to recognise a user.<\/p>\t\t\t\t\t\t<\/div>\n\t\t\t\t<\/div>\n\t\t\t\t<div class=\"elementor-element elementor-element-ceb13de elementor-widget elementor-widget-menu-anchor\" data-id=\"ceb13de\" data-element_type=\"widget\" data-widget_type=\"menu-anchor.default\">\n\t\t\t\t<div class=\"elementor-widget-container\">\n\t\t\t\t\t<div id=\"cookies_tipos\" class=\"elementor-menu-anchor\"><\/div>\n\t\t\t\t<\/div>\n\t\t\t\t<\/div>\n\t\t\t\t<div class=\"elementor-element elementor-element-f417671 elementor-widget elementor-widget-text-editor\" data-id=\"f417671\" data-element_type=\"widget\" data-widget_type=\"text-editor.default\">\n\t\t\t\t<div class=\"elementor-widget-container\">\n\t\t\t\t\t\t\t<p><strong>Types of cookies<\/strong><\/p><p>Depending on the entity that manages the cookie, these may be:<\/p><ul><li>First-party cookies: these are sent to the user\u2019s device from our computer or domain, and are also managed by us as the owners and editors of this website.<\/li><li>Third-party cookies: these are sent to the user\u2019s device from a computer or domain that is not managed by us, but by a third party that will process the information collected by cookies.<\/li><\/ul><p>Depending on the time they are stored:<\/p><ul><li>Session cookies: these collect and store information when a user visits the website and expire when they leave the page or close the browser.<\/li><li>Persistent cookies: these are stored for the period of time set by the data controller. This time vary between a few minutes and several years. They are used to store certain settings which are retrieved each time the user visits the website.<\/li><\/ul><p>Depending on their purpose:<\/p><ul><li>Technical cookies: these are essential and strictly necessary for the proper operation of the website and the use of the different services and options we offer. For example, to keep the session open, manage response times, performance, option validation, security elements and to share content on social media, etc.<\/li><li>Personalisation cookies: these allow the user to tailor certain website features to their preferences. For example, the language, regional settings and browser type.<\/li><li>Analytical cookies: enable user behaviour on our website to be monitored and analysed so that a user profile can be built up to provide a more personalised service to the user. They are normally used to measure user activity so that we can improve the service we offer the user. For example, an analytical cookie tells us what geographic areas are of most interest to the user and which products and services they prefer.<\/li><li>Advertising cookies: allow us to manage advertising spaces on the websites.<\/li><li>Behavioural advertising cookies: allow the management of advertising spaces on our website based on the user\u2019s behaviour and browsing habits so that we can tailor the advertisements to the user\u2019s preferences.<\/li><\/ul>\t\t\t\t\t\t<\/div>\n\t\t\t\t<\/div>\n\t\t\t\t<div class=\"elementor-element elementor-element-6fdb687 elementor-widget elementor-widget-menu-anchor\" data-id=\"6fdb687\" data-element_type=\"widget\" data-widget_type=\"menu-anchor.default\">\n\t\t\t\t<div class=\"elementor-widget-container\">\n\t\t\t\t\t<div id=\"cookies_cuales\" class=\"elementor-menu-anchor\"><\/div>\n\t\t\t\t<\/div>\n\t\t\t\t<\/div>\n\t\t\t\t<div class=\"elementor-element elementor-element-f86ce68 elementor-widget elementor-widget-text-editor\" data-id=\"f86ce68\" data-element_type=\"widget\" data-widget_type=\"text-editor.default\">\n\t\t\t\t<div class=\"elementor-widget-container\">\n\t\t\t\t\t\t\t<p><strong>What cookies do we use?<\/strong><\/p><p>We use the following third-party cookies for the purposes specified below:<\/p>\t\t\t\t\t\t<\/div>\n\t\t\t\t<\/div>\n\t\t\t\t<div class=\"elementor-element elementor-element-7e1435c elementor-widget elementor-widget-text-editor\" data-id=\"7e1435c\" data-element_type=\"widget\" data-widget_type=\"text-editor.default\">\n\t\t\t\t<div class=\"elementor-widget-container\">\n\t\t\t\t\t\t\t<table width=\"605\"><thead><tr><td colspan=\"4\" width=\"605\"><p><strong>Technical cookies<\/strong><\/p><\/td><\/tr><\/thead><tbody><tr><td width=\"95\"><p>Cookie<\/p><\/td><td width=\"92\"><p>Owner<\/p><\/td><td width=\"334\"><p>Purpose<\/p><\/td><td width=\"85\"><p>Duration<\/p><\/td><\/tr><tr><td width=\"95\"><p>PHPSESSID<\/p><\/td><td width=\"92\"><p>First-party<\/p><\/td><td width=\"334\"><p>This cookie is native to PHP applications. It is used to keep the user session open on the website. It expires when the user closes their browser.<\/p><\/td><td width=\"85\"><p>Session<\/p><\/td><\/tr><tr><td width=\"95\"><p>tarteaucitron<\/p><\/td><td width=\"92\"><p>First-party<\/p><\/td><td width=\"334\"><p>First-party cookie needed to use the options and services offered by the website.<\/p><\/td><td width=\"85\"><p>1 year<\/p><\/td><\/tr><tr><td width=\"95\"><p>PrestaShop-*<\/p><\/td><td width=\"92\"><p>First-party<\/p><\/td><td width=\"334\"><p>Cookie that uses Prestashop to store information and keep the user session open. It saves data such as currency, language and client identifier.<\/p><\/td><td width=\"85\"><p>6 months<\/p><\/td><\/tr><tr><td colspan=\"4\" width=\"605\"><p><strong>Analytical cookies<\/strong><\/p><\/td><\/tr><tr><td width=\"95\"><p>Cookie<\/p><\/td><td width=\"92\"><p>Owner<\/p><\/td><td width=\"334\"><p>Purpose<\/p><\/td><td width=\"85\"><p>Duration<\/p><\/td><\/tr><tr><td width=\"95\"><p>_gid<\/p><\/td><td width=\"92\"><p>Google Analytics<\/p><\/td><td width=\"334\"><p>Developed by Google Inc. Data collected by the cookie: Pages visited. Purpose: _gid is used to identify users.<\/p><\/td><td width=\"85\"><p>24 hours<\/p><\/td><\/tr><tr><td width=\"95\"><p>_ga<\/p><\/td><td width=\"92\"><p>Google Analytics<\/p><\/td><td width=\"334\"><p>Developed by Google Inc. Data collected by the cookie: Pages visited. Purpose: _ga is used to identify users.<\/p><\/td><td width=\"85\"><p>2 years<\/p><\/td><\/tr><tr><td width=\"95\"><p>_gat<\/p><\/td><td width=\"92\"><p>Google Analytics<\/p><\/td><td width=\"334\"><p>Developed by Google Inc. Data collected by the cookie: Unique visitors. Purpose: _gat is used to limit the number of requests a user can submit to a given operation in a given amount of time.<\/p><\/td><td width=\"85\"><p>1 minute<\/p><\/td><\/tr><\/tbody><\/table>\t\t\t\t\t\t<\/div>\n\t\t\t\t<\/div>\n\t\t\t\t<div class=\"elementor-element elementor-element-ff115a3 elementor-widget elementor-widget-text-editor\" data-id=\"ff115a3\" data-element_type=\"widget\" data-widget_type=\"text-editor.default\">\n\t\t\t\t<div class=\"elementor-widget-container\">\n\t\t\t\t\t\t\t<p><strong>How can I disable or delete cookies? \u00a0<\/strong><\/p><p>The data controller has made a cookie configuration panel available to users. They can use the panel to accept or reject, one by one or all together, the cookies that the website can install in their browser.<\/p><p>The user can also configure their device\u2019s browser settings to block or delete the above cookies at any time. The user should bear in mind that if they reject or delete the cookies on the website, we cannot store their preferences and some features may not work properly. We will therefore not be able to offer them personalised services and every time they visit the website we will have to obtain their consent to use cookies.<\/p><p>Instructions on how to configure your cookie settings on the most popular browsers are available at the following links:<\/p><ul><li><a href=\"https:\/\/support.google.com\/accounts\/answer\/61416?hl=en&amp;co=GENIE.Platform%3DDesktop\">To manage cookie settings in Google Chrome<\/a><\/li><li><a href=\"https:\/\/support.mozilla.org\/en-US\/kb\/cookies-information-websites-store-on-your-computer\">To manage cookie settings in Mozilla Firefox<\/a><\/li><li><a href=\"https:\/\/support.microsoft.com\/en-gb\/windows\/delete-and-manage-cookies-168dab11-0753-043d-7c16-ede5947fc64d\">To manage cookie settings in Internet Explorer<\/a><\/li><li><a href=\"https:\/\/support.apple.com\/es-es\/guide\/safari\/sfri11471\/mac\">To manage cookie settings in Safari<\/a><\/li><\/ul>\t\t\t\t\t\t<\/div>\n\t\t\t\t<\/div>\n\t\t\t\t<div class=\"elementor-element elementor-element-49c3786 elementor-widget elementor-widget-text-editor\" data-id=\"49c3786\" data-element_type=\"widget\" data-widget_type=\"text-editor.default\">\n\t\t\t\t<div class=\"elementor-widget-container\">\n\t\t\t\t\t\t\t<p><strong>To whom do we disclose your data?<\/strong><\/p><p>In general, the user data collected by first-party cookies on this website are not disclosed to third parties.<\/p><p>However, when third-party cookies are used, the data may be transferred to countries outside the European Union, as the information collected by the cookie may be hosted outside the European Economic Area.\u00a0<\/p><p>These cookies are managed by Google. For more information on Google\u2019s Cookie Policy, please visit the following links:\u00a0<a href=\"https:\/\/developers.google.com\/analytics\/devguides\/collection\/analyticsjs\/cookies-user-id\">https:\/\/developers.google.com\/analytics\/devguides\/collection\/analyticsjs\/cookies-user-id?hl=es<\/a>\u00a0;\u00a0<a href=\"https:\/\/safety.google\/privacy\/privacy-controls\/\">https:\/\/safety.google\/privacy\/privacy-controls\/<\/a>.\u00a0<\/p><p><strong>Profiling<\/strong><\/p><p>The user is also informed that the data controller does not intend to use the data collected by cookies on this website for profiling.<\/p><p>If it decides to do so in the future, you will be advised accordingly and your prior consent obtained.<\/p><p><strong>For more information<\/strong><\/p><p>If you have any questions about how we use cookies that are not addressed in this Cookie Policy, please submit them using this email address\u00a0<a href=\"mailto:vermut@vermutyzaguirre.com\">vermut@vermutyzaguirre.com<\/a>.\u00a0<\/p><p>If you need additional information on the use of cookies by websites, please refer to <a href=\"https:\/\/www.boe.es\/buscar\/act.php?id=BOE-A-2002-13758\">Spanish Law 34\/2002 of 11 July on the Information Society Services and Electronic Commerce<\/a>\u00a0and the\u00a0<a href=\"https:\/\/www.agpd.es\/portalwebAGPD\/canaldocumentacion\/publicaciones\/common\/Guias\/Guia_Cookies.pdf\">Spanish Data Protection Agency\u2019s Guidelines on the Use of Cookies<\/a>.<\/p><p>You can also visit the <a href=\"http:\/\/www.youronlinechoices.com\/es\/\">Your Online Choices<\/a>\u00a0portal where you will find useful information and be able to set your third-party advertising cookie preferences for each supplier.<\/p>\t\t\t\t\t\t<\/div>\n\t\t\t\t<\/div>\n\t\t\t\t\t<\/div>\n\t\t<\/div>\n\t\t\t\t\t\t\t<\/div>\n\t\t<\/section>\n\t\t\t\t<section class=\"elementor-section elementor-top-section elementor-element elementor-element-f140a66 elementor-section-boxed elementor-section-height-default elementor-section-height-default\" data-id=\"f140a66\" data-element_type=\"section\">\n\t\t\t\t\t\t<div class=\"elementor-container elementor-column-gap-default\">\n\t\t\t\t\t<div class=\"elementor-column elementor-col-100 elementor-top-column elementor-element elementor-element-521d366\" data-id=\"521d366\" data-element_type=\"column\">\n\t\t\t<div class=\"elementor-widget-wrap\">\n\t\t\t\t\t\t\t\t\t<\/div>\n\t\t<\/div>\n\t\t\t\t\t\t\t<\/div>\n\t\t<\/section>\n\t\t\t\t\t\t<\/div>\n\t\t\t\t\t<\/div>\n\t\t","protected":false},"excerpt":{"rendered":"<p>Cookies Policy We make this Cookies Policy available to users to provide detailed information about the use of cookies on our website. We advise users to check our Cookie Policy regularly as we may amend it at any time. WHO? BODEGAS YZAGUIRRE, S.L., with Tax Identification No. B-43050970, and registered office at Carretera Reus \u2013 &hellip; <\/p>\n<p class=\"link-more\"><a href=\"https:\/\/sangriamarysol.com\/en\/cookies-policy\/\" class=\"more-link\">Continue reading<span class=\"screen-reader-text\"> &#8220;COOKIES POLICY&#8221;<\/span><\/a><\/p>\n","protected":false},"author":1,"featured_media":0,"parent":0,"menu_order":0,"comment_status":"closed","ping_status":"closed","template":"elementor_header_footer","meta":[],"yoast_head":"<!-- This site is optimized with the Yoast SEO plugin v17.2 - https:\/\/yoast.com\/wordpress\/plugins\/seo\/ -->\n<title>COOKIES POLICY - Sangr\u00eda Marysol | The finest sangr\u00eda | Sangr\u00eda Mar &amp; Sol<\/title>\n<meta name=\"description\" content=\"Sangr\u00eda Marysol es una sangr\u00eda para disfrutar acompa\u00f1ada de tus amigos. T\u00f3mala bien fresquita... \u00a1y disfruta de la vida! Bodegas Yzaguirre.\" \/>\n<meta name=\"robots\" content=\"index, follow, max-snippet:-1, max-image-preview:large, max-video-preview:-1\" \/>\n<link rel=\"canonical\" href=\"https:\/\/sangriamarysol.com\/en\/politica-de-cookies\/\" \/>\n<meta property=\"og:locale\" content=\"en_US\" \/>\n<meta property=\"og:type\" content=\"article\" \/>\n<meta property=\"og:title\" content=\"COOKIES POLICY - Sangr\u00eda Marysol | The finest sangr\u00eda | Sangr\u00eda Mar &amp; Sol\" \/>\n<meta property=\"og:description\" content=\"Sangr\u00eda Marysol es una sangr\u00eda para disfrutar acompa\u00f1ada de tus amigos. T\u00f3mala bien fresquita... \u00a1y disfruta de la vida! Bodegas Yzaguirre.\" \/>\n<meta property=\"og:url\" content=\"https:\/\/sangriamarysol.com\/politica-de-cookies\/\" \/>\n<meta property=\"og:site_name\" content=\"Sangr\u00eda Marysol | The finest sangr\u00eda | Sangr\u00eda Mar &amp; Sol\" \/>\n<meta property=\"article:modified_time\" content=\"2023-02-20T16:26:08+00:00\" \/>\n<meta name=\"twitter:card\" content=\"summary_large_image\" \/>\n<meta name=\"twitter:label1\" content=\"Est. reading time\" \/>\n\t<meta name=\"twitter:data1\" content=\"6 minutes\" \/>\n<script type=\"application\/ld+json\" class=\"yoast-schema-graph\">{\"@context\":\"https:\/\/schema.org\",\"@graph\":[{\"@type\":\"WebSite\",\"@id\":\"https:\/\/sangriamarysol.com\/#website\",\"url\":\"https:\/\/sangriamarysol.com\/\",\"name\":\"Sangr\\u00eda Marysol | The finest sangr\\u00eda | Sangr\\u00eda Mar &amp; Sol\",\"description\":\"Sangr\\u00eda Marysol es una sangr\\u00eda para disfrutar acompa\\u00f1ada de tus amigos. T\\u00f3mala bien fresquita... \\u00a1y disfruta de la vida! Bodegas Yzaguirre.\",\"potentialAction\":[{\"@type\":\"SearchAction\",\"target\":{\"@type\":\"EntryPoint\",\"urlTemplate\":\"https:\/\/sangriamarysol.com\/?s={search_term_string}\"},\"query-input\":\"required name=search_term_string\"}],\"inLanguage\":\"en-US\"},{\"@type\":\"WebPage\",\"@id\":\"https:\/\/sangriamarysol.com\/politica-de-cookies\/#webpage\",\"url\":\"https:\/\/sangriamarysol.com\/politica-de-cookies\/\",\"name\":\"COOKIES POLICY - Sangr\\u00eda Marysol | The finest sangr\\u00eda | Sangr\\u00eda Mar &amp; Sol\",\"isPartOf\":{\"@id\":\"https:\/\/sangriamarysol.com\/#website\"},\"datePublished\":\"2021-07-29T07:16:30+00:00\",\"dateModified\":\"2023-02-20T16:26:08+00:00\",\"description\":\"Sangr\\u00eda Marysol es una sangr\\u00eda para disfrutar acompa\\u00f1ada de tus amigos. T\\u00f3mala bien fresquita... \\u00a1y disfruta de la vida! Bodegas Yzaguirre.\",\"breadcrumb\":{\"@id\":\"https:\/\/sangriamarysol.com\/politica-de-cookies\/#breadcrumb\"},\"inLanguage\":\"en-US\",\"potentialAction\":[{\"@type\":\"ReadAction\",\"target\":[\"https:\/\/sangriamarysol.com\/politica-de-cookies\/\"]}]},{\"@type\":\"BreadcrumbList\",\"@id\":\"https:\/\/sangriamarysol.com\/politica-de-cookies\/#breadcrumb\",\"itemListElement\":[{\"@type\":\"ListItem\",\"position\":1,\"name\":\"Portada\",\"item\":\"https:\/\/sangriamarysol.com\/en\/\"},{\"@type\":\"ListItem\",\"position\":2,\"name\":\"COOKIES POLICY\"}]}]}<\/script>\n<!-- \/ Yoast SEO plugin. -->","yoast_head_json":{"title":"COOKIES POLICY - Sangr\u00eda Marysol | The finest sangr\u00eda | Sangr\u00eda Mar &amp; Sol","description":"Sangr\u00eda Marysol es una sangr\u00eda para disfrutar acompa\u00f1ada de tus amigos. T\u00f3mala bien fresquita... \u00a1y disfruta de la vida! Bodegas Yzaguirre.","robots":{"index":"index","follow":"follow","max-snippet":"max-snippet:-1","max-image-preview":"max-image-preview:large","max-video-preview":"max-video-preview:-1"},"canonical":"https:\/\/sangriamarysol.com\/en\/politica-de-cookies\/","og_locale":"en_US","og_type":"article","og_title":"COOKIES POLICY - Sangr\u00eda Marysol | The finest sangr\u00eda | Sangr\u00eda Mar &amp; Sol","og_description":"Sangr\u00eda Marysol es una sangr\u00eda para disfrutar acompa\u00f1ada de tus amigos. T\u00f3mala bien fresquita... \u00a1y disfruta de la vida! Bodegas Yzaguirre.","og_url":"https:\/\/sangriamarysol.com\/politica-de-cookies\/","og_site_name":"Sangr\u00eda Marysol | The finest sangr\u00eda | Sangr\u00eda Mar &amp; Sol","article_modified_time":"2023-02-20T16:26:08+00:00","twitter_card":"summary_large_image","twitter_misc":{"Est. reading time":"6 minutes"},"schema":{"@context":"https:\/\/schema.org","@graph":[{"@type":"WebSite","@id":"https:\/\/sangriamarysol.com\/#website","url":"https:\/\/sangriamarysol.com\/","name":"Sangr\u00eda Marysol | The finest sangr\u00eda | Sangr\u00eda Mar &amp; Sol","description":"Sangr\u00eda Marysol es una sangr\u00eda para disfrutar acompa\u00f1ada de tus amigos. T\u00f3mala bien fresquita... \u00a1y disfruta de la vida! Bodegas Yzaguirre.","potentialAction":[{"@type":"SearchAction","target":{"@type":"EntryPoint","urlTemplate":"https:\/\/sangriamarysol.com\/?s={search_term_string}"},"query-input":"required name=search_term_string"}],"inLanguage":"en-US"},{"@type":"WebPage","@id":"https:\/\/sangriamarysol.com\/politica-de-cookies\/#webpage","url":"https:\/\/sangriamarysol.com\/politica-de-cookies\/","name":"COOKIES POLICY - Sangr\u00eda Marysol | The finest sangr\u00eda | Sangr\u00eda Mar &amp; Sol","isPartOf":{"@id":"https:\/\/sangriamarysol.com\/#website"},"datePublished":"2021-07-29T07:16:30+00:00","dateModified":"2023-02-20T16:26:08+00:00","description":"Sangr\u00eda Marysol es una sangr\u00eda para disfrutar acompa\u00f1ada de tus amigos. T\u00f3mala bien fresquita... \u00a1y disfruta de la vida! Bodegas Yzaguirre.","breadcrumb":{"@id":"https:\/\/sangriamarysol.com\/politica-de-cookies\/#breadcrumb"},"inLanguage":"en-US","potentialAction":[{"@type":"ReadAction","target":["https:\/\/sangriamarysol.com\/politica-de-cookies\/"]}]},{"@type":"BreadcrumbList","@id":"https:\/\/sangriamarysol.com\/politica-de-cookies\/#breadcrumb","itemListElement":[{"@type":"ListItem","position":1,"name":"Portada","item":"https:\/\/sangriamarysol.com\/en\/"},{"@type":"ListItem","position":2,"name":"COOKIES POLICY"}]}]}},"_links":{"self":[{"href":"https:\/\/sangriamarysol.com\/en\/wp-json\/wp\/v2\/pages\/3130"}],"collection":[{"href":"https:\/\/sangriamarysol.com\/en\/wp-json\/wp\/v2\/pages"}],"about":[{"href":"https:\/\/sangriamarysol.com\/en\/wp-json\/wp\/v2\/types\/page"}],"author":[{"embeddable":true,"href":"https:\/\/sangriamarysol.com\/en\/wp-json\/wp\/v2\/users\/1"}],"replies":[{"embeddable":true,"href":"https:\/\/sangriamarysol.com\/en\/wp-json\/wp\/v2\/comments?post=3130"}],"version-history":[{"count":16,"href":"https:\/\/sangriamarysol.com\/en\/wp-json\/wp\/v2\/pages\/3130\/revisions"}],"predecessor-version":[{"id":3632,"href":"https:\/\/sangriamarysol.com\/en\/wp-json\/wp\/v2\/pages\/3130\/revisions\/3632"}],"wp:attachment":[{"href":"https:\/\/sangriamarysol.com\/en\/wp-json\/wp\/v2\/media?parent=3130"}],"curies":[{"name":"wp","href":"https:\/\/api.w.org\/{rel}","templated":true}]}}